{"id":724,"date":"2025-03-31T12:10:35","date_gmt":"2025-03-31T12:10:35","guid":{"rendered":"https:\/\/www.hotelrestaurant-lorchidee.fr\/kontakt\/"},"modified":"2025-09-12T12:47:41","modified_gmt":"2025-09-12T12:47:41","slug":"kontakt","status":"publish","type":"page","link":"https:\/\/www.hotelrestaurant-lorchidee.fr\/de\/kontakt\/","title":{"rendered":"Kontakt"},"content":{"rendered":"\t\t<div data-elementor-type=\"wp-page\" data-elementor-id=\"724\" class=\"elementor elementor-724 elementor-460\" data-elementor-post-type=\"page\">\n\t\t\t\t\t\t<section class=\"elementor-section elementor-top-section elementor-element elementor-element-34fd04d elementor-section-full_width elementor-section-height-min-height elementor-section-items-stretch elementor-section-height-default elementor-invisible\" data-id=\"34fd04d\" data-element_type=\"section\" data-e-type=\"section\" data-settings=\"{&quot;animation&quot;:&quot;fadeIn&quot;}\">\n\t\t\t\t\t\t<div class=\"elementor-container elementor-column-gap-default\">\n\t\t\t\t\t<div class=\"elementor-column elementor-col-100 elementor-top-column elementor-element elementor-element-6407ab1\" data-id=\"6407ab1\" data-element_type=\"column\" data-e-type=\"column\" data-settings=\"{&quot;background_background&quot;:&quot;classic&quot;}\">\n\t\t\t<div class=\"elementor-widget-wrap elementor-element-populated\">\n\t\t\t\t\t\t<div class=\"elementor-element elementor-element-1afc6a9 elementor--h-position-center elementor--v-position-middle elementor-widget elementor-widget-slides\" data-id=\"1afc6a9\" data-element_type=\"widget\" data-e-type=\"widget\" data-settings=\"{&quot;navigation&quot;:&quot;none&quot;,&quot;autoplay_speed&quot;:3000,&quot;transition&quot;:&quot;fade&quot;,&quot;autoplay&quot;:&quot;yes&quot;,&quot;infinite&quot;:&quot;yes&quot;,&quot;transition_speed&quot;:500}\" data-widget_type=\"slides.default\">\n\t\t\t\t\t\t\t\t\t\t<div class=\"elementor-slides-wrapper elementor-main-swiper swiper\" role=\"region\" aria-roledescription=\"carousel\" aria-label=\"Diapositives\" dir=\"ltr\" data-animation=\"fadeInUp\">\n\t\t\t\t<div class=\"swiper-wrapper elementor-slides\">\n\t\t\t\t\t\t\t\t\t\t<div class=\"elementor-repeater-item-72ca546 swiper-slide\" role=\"group\" aria-roledescription=\"slide\"><div class=\"swiper-slide-bg elementor-ken-burns elementor-ken-burns--in\" role=\"img\" aria-label=\"accueil-94\"><\/div><div class=\"swiper-slide-inner\" ><div class=\"swiper-slide-contents\"><\/div><\/div><\/div><div class=\"elementor-repeater-item-e8ce816 swiper-slide\" role=\"group\" aria-roledescription=\"slide\"><div class=\"swiper-slide-bg elementor-ken-burns elementor-ken-burns--in\" role=\"img\" aria-label=\"accueil-88\"><\/div><div class=\"swiper-slide-inner\" ><div class=\"swiper-slide-contents\"><\/div><\/div><\/div>\t\t\t\t<\/div>\n\t\t\t\t\t\t\t\t\t\t\t\t\t\t\t\t\t\t\t\t\t<\/div>\n\t\t\t\t\t\t\t\t<\/div>\n\t\t\t\t<section class=\"elementor-section elementor-inner-section elementor-element elementor-element-ab4abba elementor-section-boxed elementor-section-height-default elementor-section-height-default\" data-id=\"ab4abba\" data-element_type=\"section\" data-e-type=\"section\">\n\t\t\t\t\t\t<div class=\"elementor-container elementor-column-gap-default\">\n\t\t\t\t\t<div class=\"elementor-column elementor-col-100 elementor-inner-column elementor-element elementor-element-04ac056\" data-id=\"04ac056\" data-element_type=\"column\" data-e-type=\"column\">\n\t\t\t<div class=\"elementor-widget-wrap elementor-element-populated\">\n\t\t\t\t\t\t<div class=\"elementor-element elementor-element-fd886ca elementor-invisible elementor-widget elementor-widget-heading\" data-id=\"fd886ca\" data-element_type=\"widget\" data-e-type=\"widget\" data-settings=\"{&quot;_animation&quot;:&quot;fadeIn&quot;,&quot;_animation_delay&quot;:800}\" data-widget_type=\"heading.default\">\n\t\t\t\t\t<h1 class=\"elementor-heading-title elementor-size-default\">Kontakt<\/h1>\t\t\t\t<\/div>\n\t\t\t\t<div class=\"elementor-element elementor-element-6b32092 elementor-invisible elementor-widget elementor-widget-heading\" data-id=\"6b32092\" data-element_type=\"widget\" data-e-type=\"widget\" data-settings=\"{&quot;_animation&quot;:&quot;fadeIn&quot;,&quot;_animation_delay&quot;:800}\" data-widget_type=\"heading.default\">\n\t\t\t\t\t<div class=\"elementor-heading-title elementor-size-default\">&amp; praktische Informationen<\/div>\t\t\t\t<\/div>\n\t\t\t\t<div class=\"elementor-element elementor-element-6a0b07f elementor-align-center elementor-invisible elementor-widget elementor-widget-lottie\" data-id=\"6a0b07f\" data-element_type=\"widget\" data-e-type=\"widget\" data-settings=\"{&quot;source_json&quot;:{&quot;url&quot;:&quot;https:\\\/\\\/www.hotelrestaurant-lorchidee.fr\\\/wp-content\\\/uploads\\\/2025\\\/03\\\/accueil-92.json&quot;,&quot;id&quot;:185,&quot;size&quot;:&quot;&quot;,&quot;alt&quot;:&quot;&quot;,&quot;source&quot;:&quot;library&quot;},&quot;link_to&quot;:&quot;custom&quot;,&quot;custom_link&quot;:{&quot;url&quot;:&quot;#intro&quot;,&quot;is_external&quot;:&quot;&quot;,&quot;nofollow&quot;:&quot;&quot;,&quot;custom_attributes&quot;:&quot;&quot;},&quot;loop&quot;:&quot;yes&quot;,&quot;_animation&quot;:&quot;fadeIn&quot;,&quot;_animation_delay&quot;:1200,&quot;source&quot;:&quot;media_file&quot;,&quot;caption_source&quot;:&quot;none&quot;,&quot;trigger&quot;:&quot;arriving_to_viewport&quot;,&quot;viewport&quot;:{&quot;unit&quot;:&quot;%&quot;,&quot;size&quot;:&quot;&quot;,&quot;sizes&quot;:{&quot;start&quot;:0,&quot;end&quot;:100}},&quot;play_speed&quot;:{&quot;unit&quot;:&quot;px&quot;,&quot;size&quot;:1,&quot;sizes&quot;:[]},&quot;start_point&quot;:{&quot;unit&quot;:&quot;%&quot;,&quot;size&quot;:0,&quot;sizes&quot;:[]},&quot;end_point&quot;:{&quot;unit&quot;:&quot;%&quot;,&quot;size&quot;:100,&quot;sizes&quot;:[]},&quot;renderer&quot;:&quot;svg&quot;}\" data-widget_type=\"lottie.default\">\n\t\t\t\t\t<a class=\"e-lottie__container__link\" href=\"#intro\"><div class=\"e-lottie__container\"><div class=\"e-lottie__animation\"><\/div><\/div><\/a>\t\t\t\t<\/div>\n\t\t\t\t\t<\/div>\n\t\t<\/div>\n\t\t\t\t\t<\/div>\n\t\t<\/section>\n\t\t\t\t\t<\/div>\n\t\t<\/div>\n\t\t\t\t\t<\/div>\n\t\t<\/section>\n\t\t\t\t<section class=\"elementor-section elementor-top-section elementor-element elementor-element-9db6cf4 elementor-section-boxed elementor-section-height-default elementor-section-height-default\" data-id=\"9db6cf4\" data-element_type=\"section\" data-e-type=\"section\" id=\"intro\">\n\t\t\t\t\t\t<div class=\"elementor-container elementor-column-gap-default\">\n\t\t\t\t\t<div class=\"elementor-column elementor-col-100 elementor-top-column elementor-element elementor-element-165057c\" data-id=\"165057c\" data-element_type=\"column\" data-e-type=\"column\">\n\t\t\t<div class=\"elementor-widget-wrap elementor-element-populated\">\n\t\t\t\t\t\t<div class=\"elementor-element elementor-element-4350d58 elementor-invisible elementor-widget elementor-widget-heading\" data-id=\"4350d58\" data-element_type=\"widget\" data-e-type=\"widget\" data-settings=\"{&quot;_animation&quot;:&quot;fadeIn&quot;}\" data-widget_type=\"heading.default\">\n\t\t\t\t\t<h2 class=\"elementor-heading-title elementor-size-default\">Hotel Restaurant l'Orchid\u00e9e<\/h2>\t\t\t\t<\/div>\n\t\t\t\t<div class=\"elementor-element elementor-element-ba72618 elementor-widget elementor-widget-text-editor\" data-id=\"ba72618\" data-element_type=\"widget\" data-e-type=\"widget\" data-widget_type=\"text-editor.default\">\n\t\t\t\t\t\t\t\t\t<p>47 Rue de la premi\u00e8re arm\u00e9e fran\u00e7aise,<br>68190 ENSISHEIM<\/p><p>Tel.  <a href=\"tel:+33389282020\">03 89 28 20 20<\/a><\/p><p><strong>\u00d6FFNUNGSZEITEN RESTAURANT<\/strong><\/p><p>Dienstag bis Samstag: 12.00 - 13.15 Uhr, 19.00 - 20.15 Uhr<br>Sonntag und Montag geschlossen<\/p>\t\t\t\t\t\t\t\t<\/div>\n\t\t\t\t<div class=\"elementor-element elementor-element-846bd78 elementor-align-center elementor-widget__width-inherit elementor-widget elementor-widget-button\" data-id=\"846bd78\" data-element_type=\"widget\" data-e-type=\"widget\" data-widget_type=\"button.default\">\n\t\t\t\t\t\t\t\t\t\t<a class=\"elementor-button elementor-button-link elementor-size-sm\" href=\"https:\/\/www.hotelrestaurant-lorchidee.fr\/de\/reservierung-im-hotel-und-im-restaurant\/\">\n\t\t\t\t\t\t<span class=\"elementor-button-content-wrapper\">\n\t\t\t\t\t\t<span class=\"elementor-button-icon\">\n\t\t\t\t<svg xmlns=\"http:\/\/www.w3.org\/2000\/svg\" id=\"Calque_1\" viewBox=\"0 0 32 32\"><path d=\"M25.3,29H6.7c-2,0-3.7-1.6-3.7-3.7v-12c0-.6.4-1,1-1h24c.6,0,1,.4,1,1v12c0,2-1.6,3.7-3.7,3.7ZM5,14.3v11c0,.9.7,1.7,1.7,1.7h18.7c.9,0,1.7-.7,1.7-1.7v-11H5ZM20,9c-.6,0-1-.4-1-1v-1.7h-5c-.6,0-1-.4-1-1s.4-1,1-1h5v-1.7c0-.6.4-1,1-1s1,.4,1,1v5.3c0,.6-.4,1-1,1Z\"><\/path><path d=\"M4,14.3c-.6,0-1-.4-1-1v-5.3c0-2,1.6-3.7,3.7-3.7h2.7c.6,0,1,.4,1,1s-.4,1-1,1h-2.7c-.9,0-1.7.7-1.7,1.7v5.3c0,.6-.4,1-1,1Z\"><\/path><path d=\"M9.3,9c-.6,0-1-.4-1-1V2.7c0-.6.4-1,1-1s1,.4,1,1v5.3c0,.6-.4,1-1,1Z\"><\/path><path d=\"M28,14.3c-.6,0-1-.4-1-1v-5.3c0-.9-.7-1.7-1.7-1.7h-.7c-.6,0-1-.4-1-1s.4-1,1-1h.7c2,0,3.7,1.6,3.7,3.7v5.3c0,.6-.4,1-1,1Z\"><\/path><\/svg>\t\t\t<\/span>\n\t\t\t\t\t\t\t\t\t<span class=\"elementor-button-text\">Buchen Sie im Hotel<\/span>\n\t\t\t\t\t<\/span>\n\t\t\t\t\t<\/a>\n\t\t\t\t\t\t\t\t<\/div>\n\t\t\t\t<div class=\"elementor-element elementor-element-3e5c93a elementor-align-center elementor-widget elementor-widget-button\" data-id=\"3e5c93a\" data-element_type=\"widget\" data-e-type=\"widget\" data-widget_type=\"button.default\">\n\t\t\t\t\t\t\t\t\t\t<a class=\"elementor-button elementor-button-link elementor-size-sm\" href=\"https:\/\/www.hotelrestaurant-lorchidee.fr\/de\/reservierung-im-hotel-und-im-restaurant\/\">\n\t\t\t\t\t\t<span class=\"elementor-button-content-wrapper\">\n\t\t\t\t\t\t<span class=\"elementor-button-icon\">\n\t\t\t\t<svg xmlns=\"http:\/\/www.w3.org\/2000\/svg\" id=\"Calque_1\" viewBox=\"0 0 32 32\"><path d=\"M25.3,29H6.7c-2,0-3.7-1.6-3.7-3.7v-12c0-.6.4-1,1-1h24c.6,0,1,.4,1,1v12c0,2-1.6,3.7-3.7,3.7ZM5,14.3v11c0,.9.7,1.7,1.7,1.7h18.7c.9,0,1.7-.7,1.7-1.7v-11H5ZM20,9c-.6,0-1-.4-1-1v-1.7h-5c-.6,0-1-.4-1-1s.4-1,1-1h5v-1.7c0-.6.4-1,1-1s1,.4,1,1v5.3c0,.6-.4,1-1,1Z\"><\/path><path d=\"M4,14.3c-.6,0-1-.4-1-1v-5.3c0-2,1.6-3.7,3.7-3.7h2.7c.6,0,1,.4,1,1s-.4,1-1,1h-2.7c-.9,0-1.7.7-1.7,1.7v5.3c0,.6-.4,1-1,1Z\"><\/path><path d=\"M9.3,9c-.6,0-1-.4-1-1V2.7c0-.6.4-1,1-1s1,.4,1,1v5.3c0,.6-.4,1-1,1Z\"><\/path><path d=\"M28,14.3c-.6,0-1-.4-1-1v-5.3c0-.9-.7-1.7-1.7-1.7h-.7c-.6,0-1-.4-1-1s.4-1,1-1h.7c2,0,3.7,1.6,3.7,3.7v5.3c0,.6-.4,1-1,1Z\"><\/path><\/svg>\t\t\t<\/span>\n\t\t\t\t\t\t\t\t\t<span class=\"elementor-button-text\">Im Restaurant reservieren<\/span>\n\t\t\t\t\t<\/span>\n\t\t\t\t\t<\/a>\n\t\t\t\t\t\t\t\t<\/div>\n\t\t\t\t\t<\/div>\n\t\t<\/div>\n\t\t\t\t\t<\/div>\n\t\t<\/section>\n\t\t\t\t<section class=\"elementor-section elementor-top-section elementor-element elementor-element-3460d40 elementor-section-full_width elementor-section-height-default elementor-section-height-default\" data-id=\"3460d40\" data-element_type=\"section\" data-e-type=\"section\">\n\t\t\t\t\t\t<div class=\"elementor-container elementor-column-gap-default\">\n\t\t\t\t\t<div class=\"elementor-column elementor-col-50 elementor-top-column elementor-element elementor-element-69bdcba\" data-id=\"69bdcba\" data-element_type=\"column\" data-e-type=\"column\" data-settings=\"{&quot;background_background&quot;:&quot;classic&quot;}\">\n\t\t\t<div class=\"elementor-widget-wrap elementor-element-populated\">\n\t\t\t\t\t\t<div class=\"elementor-element elementor-element-1aab188 elementor-invisible elementor-widget elementor-widget-heading\" data-id=\"1aab188\" data-element_type=\"widget\" data-e-type=\"widget\" data-settings=\"{&quot;_animation&quot;:&quot;fadeIn&quot;}\" data-widget_type=\"heading.default\">\n\t\t\t\t\t<div class=\"elementor-heading-title elementor-size-default\">E-Mail<\/div>\t\t\t\t<\/div>\n\t\t\t\t<div class=\"elementor-element elementor-element-55318a4 elementor-invisible elementor-widget elementor-widget-heading\" data-id=\"55318a4\" data-element_type=\"widget\" data-e-type=\"widget\" data-settings=\"{&quot;_animation&quot;:&quot;fadeIn&quot;}\" data-widget_type=\"heading.default\">\n\t\t\t\t\t<h3 class=\"elementor-heading-title elementor-size-default\">Senden Sie uns eine Nachricht<\/h3>\t\t\t\t<\/div>\n\t\t\t\t<div class=\"elementor-element elementor-element-fdb90af elementor-button-align-stretch elementor-widget elementor-widget-form\" data-id=\"fdb90af\" data-element_type=\"widget\" data-e-type=\"widget\" data-settings=\"{&quot;step_next_label&quot;:&quot;Weiter zu&quot;,&quot;step_previous_label&quot;:&quot;Vorherige&quot;,&quot;button_width&quot;:&quot;100&quot;,&quot;step_type&quot;:&quot;number_text&quot;,&quot;step_icon_shape&quot;:&quot;circle&quot;}\" data-widget_type=\"form.default\">\n\t\t\t\t\t\t\t<form class=\"elementor-form\" method=\"post\" name=\"Neues Formular\" aria-label=\"Neues Formular\">\n\t\t\t<input type=\"hidden\" name=\"post_id\" value=\"724\"\/>\n\t\t\t<input type=\"hidden\" name=\"form_id\" value=\"fdb90af\"\/>\n\t\t\t<input type=\"hidden\" name=\"referer_title\" value=\"Kontakt - Die Orchidee\" \/>\n\n\t\t\t\t\t\t\t<input type=\"hidden\" name=\"queried_id\" value=\"724\"\/>\n\t\t\t\n\t\t\t<div class=\"elementor-form-fields-wrapper elementor-labels-above\">\n\t\t\t\t\t\t\t\t<div class=\"elementor-field-type-text elementor-field-group elementor-column elementor-field-group-name elementor-col-100\">\n\t\t\t\t\t\t\t\t\t\t\t\t<label for=\"form-field-name\" class=\"elementor-field-label\">\n\t\t\t\t\t\t\t\tName\t\t\t\t\t\t\t<\/label>\n\t\t\t\t\t\t\t\t\t\t\t\t\t\t<input size=\"1\" type=\"text\" name=\"form_fields[name]\" id=\"form-field-name\" class=\"elementor-field elementor-size-sm  elementor-field-textual\" placeholder=\"Name\">\n\t\t\t\t\t\t\t\t\t\t\t<\/div>\n\t\t\t\t\t\t\t\t<div class=\"elementor-field-type-email elementor-field-group elementor-column elementor-field-group-email elementor-col-100 elementor-field-required\">\n\t\t\t\t\t\t\t\t\t\t\t\t<label for=\"form-field-email\" class=\"elementor-field-label\">\n\t\t\t\t\t\t\t\tE-Mail\t\t\t\t\t\t\t<\/label>\n\t\t\t\t\t\t\t\t\t\t\t\t\t\t<input size=\"1\" type=\"email\" name=\"form_fields[email]\" id=\"form-field-email\" class=\"elementor-field elementor-size-sm  elementor-field-textual\" placeholder=\"E-Mail\" required=\"required\">\n\t\t\t\t\t\t\t\t\t\t\t<\/div>\n\t\t\t\t\t\t\t\t<div class=\"elementor-field-type-textarea elementor-field-group elementor-column elementor-field-group-message elementor-col-100\">\n\t\t\t\t\t\t\t\t\t\t\t\t<label for=\"form-field-message\" class=\"elementor-field-label\">\n\t\t\t\t\t\t\t\tNachricht\t\t\t\t\t\t\t<\/label>\n\t\t\t\t\t\t<textarea class=\"elementor-field-textual elementor-field  elementor-size-sm\" name=\"form_fields[message]\" id=\"form-field-message\" rows=\"4\" placeholder=\"Nachricht\"><\/textarea>\t\t\t\t<\/div>\n\t\t\t\t\t\t\t\t<div class=\"elementor-field-type-recaptcha_v3 elementor-field-group elementor-column elementor-field-group-field_cbe20b7 elementor-col-100 recaptcha_v3-bottomright\">\n\t\t\t\t\t<div class=\"elementor-field\" id=\"form-field-field_cbe20b7\"><div class=\"elementor-g-recaptcha\" data-sitekey=\"6LcoV_QqAAAAAJDtJvxNLjLrdxz-9H_I5kV19GUc\" data-type=\"v3\" data-action=\"Form\" data-badge=\"bottomright\" data-size=\"invisible\"><\/div><\/div>\t\t\t\t<\/div>\n\t\t\t\t\t\t\t\t<div class=\"elementor-field-group elementor-column elementor-field-type-submit elementor-col-100 e-form__buttons\">\n\t\t\t\t\t<button class=\"elementor-button elementor-size-sm\" type=\"submit\">\n\t\t\t\t\t\t<span class=\"elementor-button-content-wrapper\">\n\t\t\t\t\t\t\t\t\t\t\t\t\t\t\t\t\t\t\t\t\t\t<span class=\"elementor-button-text\">Senden Sie<\/span>\n\t\t\t\t\t\t\t\t\t\t\t\t\t<\/span>\n\t\t\t\t\t<\/button>\n\t\t\t\t<\/div>\n\t\t\t<\/div>\n\t\t<\/form>\n\t\t\t\t\t\t<\/div>\n\t\t\t\t\t<\/div>\n\t\t<\/div>\n\t\t\t\t<div class=\"elementor-column elementor-col-50 elementor-top-column elementor-element elementor-element-e70c96a\" data-id=\"e70c96a\" data-element_type=\"column\" data-e-type=\"column\" data-settings=\"{&quot;background_background&quot;:&quot;classic&quot;}\">\n\t\t\t<div class=\"elementor-widget-wrap elementor-element-populated\">\n\t\t\t\t\t\t<div class=\"elementor-element elementor-element-2557031 elementor-invisible elementor-widget elementor-widget-heading\" data-id=\"2557031\" data-element_type=\"widget\" data-e-type=\"widget\" data-settings=\"{&quot;_animation&quot;:&quot;fadeIn&quot;}\" data-widget_type=\"heading.default\">\n\t\t\t\t\t<div class=\"elementor-heading-title elementor-size-default\">Karte<\/div>\t\t\t\t<\/div>\n\t\t\t\t<div class=\"elementor-element elementor-element-6d82e35 elementor-invisible elementor-widget elementor-widget-heading\" data-id=\"6d82e35\" data-element_type=\"widget\" data-e-type=\"widget\" data-settings=\"{&quot;_animation&quot;:&quot;fadeIn&quot;}\" data-widget_type=\"heading.default\">\n\t\t\t\t\t<h1 class=\"elementor-heading-title elementor-size-default\">Finden Sie uns<\/h1>\t\t\t\t<\/div>\n\t\t\t\t<div class=\"elementor-element elementor-element-400cf5f elementor-widget elementor-widget-google_maps\" data-id=\"400cf5f\" data-element_type=\"widget\" data-e-type=\"widget\" data-widget_type=\"google_maps.default\">\n\t\t\t\t\t\t\t<div class=\"elementor-custom-embed\">\n\t\t\t<iframe loading=\"lazy\"\n\t\t\t\t\tsrc=\"https:\/\/maps.google.com\/maps?q=47%20Rue%20de%20la%20premi%C3%A8re%20arm%C3%A9e%20fran%C3%A7aise%2C%2068190%20ENSISHEIM&#038;t=m&#038;z=10&#038;output=embed&#038;iwloc=near\"\n\t\t\t\t\ttitle=\"47 Rue de la premi\u00e8re arm\u00e9e fran\u00e7aise, 68190 ENSISHEIM\"\n\t\t\t\t\taria-label=\"47 Rue de la premi\u00e8re arm\u00e9e fran\u00e7aise, 68190 ENSISHEIM\"\n\t\t\t><\/iframe>\n\t\t<\/div>\n\t\t\t\t\t\t<\/div>\n\t\t\t\t\t<\/div>\n\t\t<\/div>\n\t\t\t\t\t<\/div>\n\t\t<\/section>\n\t\t\t\t<\/div>\n\t\t","protected":false},"excerpt":{"rendered":"<p>Kontakt &amp; praktische Informationen Hotel Restaurant l&#8217;Orchid\u00e9e 47 Rue de la premi\u00e8re arm\u00e9e fran\u00e7aise,68190 ENSISHEIM Tel. 03 89 28 20 20 \u00d6FFNUNGSZEITEN RESTAURANT Dienstag bis Samstag: 12.00 - 13.15 Uhr, 19.00 - 20.15 UhrSonntag und Montag geschlossen Buchen Sie im Hotel Im Restaurant reservieren E-Mail Senden Sie uns eine Nachricht Karte Finden Sie uns<\/p>\n","protected":false},"author":2,"featured_media":0,"parent":0,"menu_order":0,"comment_status":"closed","ping_status":"closed","template":"","meta":{"_acf_changed":false,"footnotes":""},"class_list":["post-724","page","type-page","status-publish","hentry"],"acf":[],"yoast_head":"<!-- This site is optimized with the Yoast SEO plugin v27.5 - https:\/\/yoast.com\/product\/yoast-seo-wordpress\/ -->\n<title>Kontakt - Die Orchidee<\/title>\n<meta name=\"robots\" content=\"index, follow, max-snippet:-1, max-image-preview:large, max-video-preview:-1\" \/>\n<link rel=\"canonical\" href=\"https:\/\/www.hotelrestaurant-lorchidee.fr\/de\/kontakt\/\" \/>\n<meta property=\"og:locale\" content=\"de_DE\" \/>\n<meta property=\"og:type\" content=\"article\" \/>\n<meta property=\"og:title\" content=\"Kontakt - Die Orchidee\" \/>\n<meta property=\"og:description\" content=\"Kontakt &amp; praktische Informationen Hotel Restaurant l&#8217;Orchid\u00e9e 47 Rue de la premi\u00e8re arm\u00e9e fran\u00e7aise,68190 ENSISHEIM Tel. 03 89 28 20 20 \u00d6FFNUNGSZEITEN RESTAURANT Dienstag bis Samstag: 12.00 - 13.15 Uhr, 19.00 - 20.15 UhrSonntag und Montag geschlossen Buchen Sie im Hotel Im Restaurant reservieren E-Mail Senden Sie uns eine Nachricht Karte Finden Sie uns\" \/>\n<meta property=\"og:url\" content=\"https:\/\/www.hotelrestaurant-lorchidee.fr\/de\/kontakt\/\" \/>\n<meta property=\"og:site_name\" content=\"Die Orchidee\" \/>\n<meta property=\"article:modified_time\" content=\"2025-09-12T12:47:41+00:00\" \/>\n<meta name=\"twitter:card\" content=\"summary_large_image\" \/>\n<script type=\"application\/ld+json\" class=\"yoast-schema-graph\">{\"@context\":\"https:\\\/\\\/schema.org\",\"@graph\":[{\"@type\":\"WebPage\",\"@id\":\"https:\\\/\\\/www.hotelrestaurant-lorchidee.fr\\\/de\\\/kontakt\\\/\",\"url\":\"https:\\\/\\\/www.hotelrestaurant-lorchidee.fr\\\/de\\\/kontakt\\\/\",\"name\":\"Kontakt - Die Orchidee\",\"isPartOf\":{\"@id\":\"https:\\\/\\\/www.hotelrestaurant-lorchidee.fr\\\/#website\"},\"datePublished\":\"2025-03-31T12:10:35+00:00\",\"dateModified\":\"2025-09-12T12:47:41+00:00\",\"breadcrumb\":{\"@id\":\"https:\\\/\\\/www.hotelrestaurant-lorchidee.fr\\\/de\\\/kontakt\\\/#breadcrumb\"},\"inLanguage\":\"de\",\"potentialAction\":[{\"@type\":\"ReadAction\",\"target\":[\"https:\\\/\\\/www.hotelrestaurant-lorchidee.fr\\\/de\\\/kontakt\\\/\"]}]},{\"@type\":\"BreadcrumbList\",\"@id\":\"https:\\\/\\\/www.hotelrestaurant-lorchidee.fr\\\/de\\\/kontakt\\\/#breadcrumb\",\"itemListElement\":[{\"@type\":\"ListItem\",\"position\":1,\"name\":\"Home\",\"item\":\"https:\\\/\\\/www.hotelrestaurant-lorchidee.fr\\\/de\\\/\"},{\"@type\":\"ListItem\",\"position\":2,\"name\":\"Kontakt\"}]},{\"@type\":\"WebSite\",\"@id\":\"https:\\\/\\\/www.hotelrestaurant-lorchidee.fr\\\/#website\",\"url\":\"https:\\\/\\\/www.hotelrestaurant-lorchidee.fr\\\/\",\"name\":\"Die Orchidee\",\"description\":\"Hotel **** und mit einem Michelin-Stern ausgezeichnetes Restaurant - Ensisheim\",\"publisher\":{\"@id\":\"https:\\\/\\\/www.hotelrestaurant-lorchidee.fr\\\/#organization\"},\"potentialAction\":[{\"@type\":\"SearchAction\",\"target\":{\"@type\":\"EntryPoint\",\"urlTemplate\":\"https:\\\/\\\/www.hotelrestaurant-lorchidee.fr\\\/?s={search_term_string}\"},\"query-input\":{\"@type\":\"PropertyValueSpecification\",\"valueRequired\":true,\"valueName\":\"search_term_string\"}}],\"inLanguage\":\"de\"},{\"@type\":\"Organization\",\"@id\":\"https:\\\/\\\/www.hotelrestaurant-lorchidee.fr\\\/#organization\",\"name\":\"Die Orchidee\",\"url\":\"https:\\\/\\\/www.hotelrestaurant-lorchidee.fr\\\/\",\"logo\":{\"@type\":\"ImageObject\",\"inLanguage\":\"de\",\"@id\":\"https:\\\/\\\/www.hotelrestaurant-lorchidee.fr\\\/#\\\/schema\\\/logo\\\/image\\\/\",\"url\":\"https:\\\/\\\/www.hotelrestaurant-lorchidee.fr\\\/wp-content\\\/uploads\\\/2025\\\/03\\\/logo_orchidee_hotel_restaurant.png\",\"contentUrl\":\"https:\\\/\\\/www.hotelrestaurant-lorchidee.fr\\\/wp-content\\\/uploads\\\/2025\\\/03\\\/logo_orchidee_hotel_restaurant.png\",\"width\":1500,\"height\":1044,\"caption\":\"Die Orchidee\"},\"image\":{\"@id\":\"https:\\\/\\\/www.hotelrestaurant-lorchidee.fr\\\/#\\\/schema\\\/logo\\\/image\\\/\"}}]}<\/script>\n<!-- \/ Yoast SEO plugin. -->","yoast_head_json":{"title":"Kontakt - Die Orchidee","robots":{"index":"index","follow":"follow","max-snippet":"max-snippet:-1","max-image-preview":"max-image-preview:large","max-video-preview":"max-video-preview:-1"},"canonical":"https:\/\/www.hotelrestaurant-lorchidee.fr\/de\/kontakt\/","og_locale":"de_DE","og_type":"article","og_title":"Kontakt - Die Orchidee","og_description":"Kontakt &amp; praktische Informationen Hotel Restaurant l&#8217;Orchid\u00e9e 47 Rue de la premi\u00e8re arm\u00e9e fran\u00e7aise,68190 ENSISHEIM Tel. 03 89 28 20 20 \u00d6FFNUNGSZEITEN RESTAURANT Dienstag bis Samstag: 12.00 - 13.15 Uhr, 19.00 - 20.15 UhrSonntag und Montag geschlossen Buchen Sie im Hotel Im Restaurant reservieren E-Mail Senden Sie uns eine Nachricht Karte Finden Sie uns","og_url":"https:\/\/www.hotelrestaurant-lorchidee.fr\/de\/kontakt\/","og_site_name":"Die Orchidee","article_modified_time":"2025-09-12T12:47:41+00:00","twitter_card":"summary_large_image","schema":{"@context":"https:\/\/schema.org","@graph":[{"@type":"WebPage","@id":"https:\/\/www.hotelrestaurant-lorchidee.fr\/de\/kontakt\/","url":"https:\/\/www.hotelrestaurant-lorchidee.fr\/de\/kontakt\/","name":"Kontakt - Die Orchidee","isPartOf":{"@id":"https:\/\/www.hotelrestaurant-lorchidee.fr\/#website"},"datePublished":"2025-03-31T12:10:35+00:00","dateModified":"2025-09-12T12:47:41+00:00","breadcrumb":{"@id":"https:\/\/www.hotelrestaurant-lorchidee.fr\/de\/kontakt\/#breadcrumb"},"inLanguage":"de","potentialAction":[{"@type":"ReadAction","target":["https:\/\/www.hotelrestaurant-lorchidee.fr\/de\/kontakt\/"]}]},{"@type":"BreadcrumbList","@id":"https:\/\/www.hotelrestaurant-lorchidee.fr\/de\/kontakt\/#breadcrumb","itemListElement":[{"@type":"ListItem","position":1,"name":"Home","item":"https:\/\/www.hotelrestaurant-lorchidee.fr\/de\/"},{"@type":"ListItem","position":2,"name":"Kontakt"}]},{"@type":"WebSite","@id":"https:\/\/www.hotelrestaurant-lorchidee.fr\/#website","url":"https:\/\/www.hotelrestaurant-lorchidee.fr\/","name":"Die Orchidee","description":"Hotel **** und mit einem Michelin-Stern ausgezeichnetes Restaurant - Ensisheim","publisher":{"@id":"https:\/\/www.hotelrestaurant-lorchidee.fr\/#organization"},"potentialAction":[{"@type":"SearchAction","target":{"@type":"EntryPoint","urlTemplate":"https:\/\/www.hotelrestaurant-lorchidee.fr\/?s={search_term_string}"},"query-input":{"@type":"PropertyValueSpecification","valueRequired":true,"valueName":"search_term_string"}}],"inLanguage":"de"},{"@type":"Organization","@id":"https:\/\/www.hotelrestaurant-lorchidee.fr\/#organization","name":"Die Orchidee","url":"https:\/\/www.hotelrestaurant-lorchidee.fr\/","logo":{"@type":"ImageObject","inLanguage":"de","@id":"https:\/\/www.hotelrestaurant-lorchidee.fr\/#\/schema\/logo\/image\/","url":"https:\/\/www.hotelrestaurant-lorchidee.fr\/wp-content\/uploads\/2025\/03\/logo_orchidee_hotel_restaurant.png","contentUrl":"https:\/\/www.hotelrestaurant-lorchidee.fr\/wp-content\/uploads\/2025\/03\/logo_orchidee_hotel_restaurant.png","width":1500,"height":1044,"caption":"Die Orchidee"},"image":{"@id":"https:\/\/www.hotelrestaurant-lorchidee.fr\/#\/schema\/logo\/image\/"}}]}},"_links":{"self":[{"href":"https:\/\/www.hotelrestaurant-lorchidee.fr\/de\/wp-json\/wp\/v2\/pages\/724","targetHints":{"allow":["GET"]}}],"collection":[{"href":"https:\/\/www.hotelrestaurant-lorchidee.fr\/de\/wp-json\/wp\/v2\/pages"}],"about":[{"href":"https:\/\/www.hotelrestaurant-lorchidee.fr\/de\/wp-json\/wp\/v2\/types\/page"}],"author":[{"embeddable":true,"href":"https:\/\/www.hotelrestaurant-lorchidee.fr\/de\/wp-json\/wp\/v2\/users\/2"}],"replies":[{"embeddable":true,"href":"https:\/\/www.hotelrestaurant-lorchidee.fr\/de\/wp-json\/wp\/v2\/comments?post=724"}],"version-history":[{"count":5,"href":"https:\/\/www.hotelrestaurant-lorchidee.fr\/de\/wp-json\/wp\/v2\/pages\/724\/revisions"}],"predecessor-version":[{"id":781,"href":"https:\/\/www.hotelrestaurant-lorchidee.fr\/de\/wp-json\/wp\/v2\/pages\/724\/revisions\/781"}],"wp:attachment":[{"href":"https:\/\/www.hotelrestaurant-lorchidee.fr\/de\/wp-json\/wp\/v2\/media?parent=724"}],"curies":[{"name":"wp","href":"https:\/\/api.w.org\/{rel}","templated":true}]}}