{"id":708,"date":"2025-03-25T09:46:34","date_gmt":"2025-03-25T09:46:34","guid":{"rendered":"https:\/\/www.hotelrestaurant-lorchidee.fr\/official-gift-vouchers\/"},"modified":"2025-09-12T12:47:43","modified_gmt":"2025-09-12T12:47:43","slug":"official-gift-vouchers","status":"publish","type":"page","link":"https:\/\/www.hotelrestaurant-lorchidee.fr\/en\/official-gift-vouchers\/","title":{"rendered":"Official gift vouchers"},"content":{"rendered":"\t\t<div data-elementor-type=\"wp-page\" data-elementor-id=\"708\" class=\"elementor elementor-708 elementor-449\" data-elementor-post-type=\"page\">\n\t\t\t\t\t\t<section class=\"elementor-section elementor-top-section elementor-element elementor-element-a0e0bf1 elementor-section-boxed elementor-section-height-default elementor-section-height-default\" data-id=\"a0e0bf1\" data-element_type=\"section\" data-e-type=\"section\">\n\t\t\t\t\t\t<div class=\"elementor-container elementor-column-gap-default\">\n\t\t\t\t\t<div class=\"elementor-column elementor-col-100 elementor-top-column elementor-element elementor-element-f13122a\" data-id=\"f13122a\" data-element_type=\"column\" data-e-type=\"column\">\n\t\t\t<div class=\"elementor-widget-wrap elementor-element-populated\">\n\t\t\t\t\t\t<div class=\"elementor-element elementor-element-fd2702f elementor-widget elementor-widget-products-ajibox\" data-id=\"fd2702f\" data-element_type=\"widget\" data-e-type=\"widget\" data-widget_type=\"products-ajibox.default\">\n\t\t\t\t<div class=\"elementor-widget-container\">\n\t\t\t\t\t\t\t<div class=\"products\">\n\t\t\t\n\t\t\t\t<div class=\"section-cat\" id=\"846\">\n\n\t\t\t\t\t<div class=\"col-full\">\n\n\t\t\t\t\t\t<div class=\"title-cat\">\n\t\t\t\t\t\t\tS\u00e9jours Gastronomiques\t\t\t\t\t\t\t<div class=\"hr\"><\/div>\n\t\t\t\t\t\t<\/div>\n\n\t\t\t\t\t\t<div class=\"products-cat col2\">\n\n\t\t\t\t\t\t\t\t\t\t\t\t\t\t\t<a class=\"product\" href=\"https:\/\/aji-box.com\/--\/sejour-gourmandpour-2-personnes-hotel-restaurant-lorchidee\/\" target=\"_blank\">\n\t\t\t\t\t\t\t\t\t<div class=\"image\" style=\"background-image:url(https:\/\/aji-box.com\/wp-content\/uploads\/2025\/10\/9J1A9428.jpg)\">\n\t\t\t\t\t\t\t\t\t<\/div>\n\n\n\t\t\t\t\t\t\t\t\t<div class=\"extra\">\n\n\t\t\t\t\t\t\t\t\t\t<div class=\"title\">\n\t\t\t\t\t\t\t\t\t\t\tS\u00e9jour Gourmand<br>Pour 2 personnes\t\t\t\t\t\t\t\t\t\t<\/div>\n\n\t\t\t\t\t\t\t\t\t\t\t\t\t\t\t\t\t\t\t\t\t<div class=\"price\">\n\t\t\t\t\t\t\t\t\t\t\t\t<span class=\"woocommerce-Price-amount amount\"><bdi>500&nbsp;<span class=\"woocommerce-Price-currencySymbol\">&euro;<\/span><\/bdi><\/span>\t\t\t\t\t\t\t\t\t\t\t<\/div>\n\t\t\t\t\t\t\t\t\t\t\n\t\t\t\t\t\t\t\t\t\t<div class=\"desc\">\n\t\t\t\t\t\t\t\t\t\t\t\t\t\t\t\t\t\t\t\t\t\t<p>Ce coffret comprend par personne :\u2028<\/p>\n<p>1 nuit\u00e9e en suite + Petit-d\u00e9jeuner.\n1 D\u00eener Menu Cr\u00e9ation sans boissons 6 passages selon l&rsquo;inspiration du...\t\t\t\t\t\t\t\t\t\t<\/div>\n\n\t\t\t\t\t\t\t\t\t\t<div class=\"link link-a\">\n\t\t\t\t\t\t\t\t\t\t\tDiscover\t\t\t\t\t\t\t\t\t\t<\/div>\n\n\t\t\t\t\t\t\t\t\t<\/div>\n\n\n\t\t\t\t\t\t\t\t<\/a>\n\t\t\t\t\t\t\t\t\t\t\t\t\t\t\t<a class=\"product\" href=\"https:\/\/aji-box.com\/--\/sejour-gourmandpour-2-personnes-hotel-restaurant-lorchidee-2\/\" target=\"_blank\">\n\t\t\t\t\t\t\t\t\t<div class=\"image\" style=\"background-image:url(https:\/\/aji-box.com\/wp-content\/uploads\/2025\/10\/9J1A9449.jpg)\">\n\t\t\t\t\t\t\t\t\t<\/div>\n\n\n\t\t\t\t\t\t\t\t\t<div class=\"extra\">\n\n\t\t\t\t\t\t\t\t\t\t<div class=\"title\">\n\t\t\t\t\t\t\t\t\t\t\tS\u00e9jour Gourmand<br>Pour 2 personnes\t\t\t\t\t\t\t\t\t\t<\/div>\n\n\t\t\t\t\t\t\t\t\t\t\t\t\t\t\t\t\t\t\t\t\t<div class=\"price\">\n\t\t\t\t\t\t\t\t\t\t\t\t<span class=\"woocommerce-Price-amount amount\"><bdi>420&nbsp;<span class=\"woocommerce-Price-currencySymbol\">&euro;<\/span><\/bdi><\/span>\t\t\t\t\t\t\t\t\t\t\t<\/div>\n\t\t\t\t\t\t\t\t\t\t\n\t\t\t\t\t\t\t\t\t\t<div class=\"desc\">\n\t\t\t\t\t\t\t\t\t\t\t\t\t\t\t\t\t\t\t\t\t\t<p>Ce coffret comprend par personne :\u2028<\/p>\n<p>1 nuit\u00e9e en chambre double + Petit-d\u00e9jeuner.\n1 D\u00eener Menu Cr\u00e9ation sans boissons 6 passages selon l&rsquo;inspi...\t\t\t\t\t\t\t\t\t\t<\/div>\n\n\t\t\t\t\t\t\t\t\t\t<div class=\"link link-a\">\n\t\t\t\t\t\t\t\t\t\t\tDiscover\t\t\t\t\t\t\t\t\t\t<\/div>\n\n\t\t\t\t\t\t\t\t\t<\/div>\n\n\n\t\t\t\t\t\t\t\t<\/a>\n\t\t\t\t\t\t\t\t\t\t\t\t\t\t\t<a class=\"product\" href=\"https:\/\/aji-box.com\/--\/sejour-gourmand-pour-2-personnes-hotel-restaurant-lorchidee\/\" target=\"_blank\">\n\t\t\t\t\t\t\t\t\t<div class=\"image\" style=\"background-image:url(https:\/\/aji-box.com\/wp-content\/uploads\/2025\/10\/9J1A9448.jpg)\">\n\t\t\t\t\t\t\t\t\t<\/div>\n\n\n\t\t\t\t\t\t\t\t\t<div class=\"extra\">\n\n\t\t\t\t\t\t\t\t\t\t<div class=\"title\">\n\t\t\t\t\t\t\t\t\t\t\tS\u00e9jour Gourmand <br> Pour 2 personnes\t\t\t\t\t\t\t\t\t\t<\/div>\n\n\t\t\t\t\t\t\t\t\t\t\t\t\t\t\t\t\t\t\t\t\t<div class=\"price\">\n\t\t\t\t\t\t\t\t\t\t\t\t<span class=\"woocommerce-Price-amount amount\"><bdi>370&nbsp;<span class=\"woocommerce-Price-currencySymbol\">&euro;<\/span><\/bdi><\/span>\t\t\t\t\t\t\t\t\t\t\t<\/div>\n\t\t\t\t\t\t\t\t\t\t\n\t\t\t\t\t\t\t\t\t\t<div class=\"desc\">\n\t\t\t\t\t\t\t\t\t\t\t\t\t\t\t\t\t\t\t\t\t\t<p>Ce coffret comprend par personne :\u2028<\/p>\n<p>1 nuit\u00e9e en chambre double + Petit-d\u00e9jeuner.\n1 D\u00eener Menu Evasion sans boissons 4 passages selon l&rsquo;inspir...\t\t\t\t\t\t\t\t\t\t<\/div>\n\n\t\t\t\t\t\t\t\t\t\t<div class=\"link link-a\">\n\t\t\t\t\t\t\t\t\t\t\tDiscover\t\t\t\t\t\t\t\t\t\t<\/div>\n\n\t\t\t\t\t\t\t\t\t<\/div>\n\n\n\t\t\t\t\t\t\t\t<\/a>\n\t\t\t\t\t\t\t\n\t\t\t\t\t\t<\/div>\n\n\t\t\t\t\t<\/div>\n\n\t\t\t\t<\/div>\n\n\n\n\t\t\t\n\t\t\t\t<div class=\"section-cat\" id=\"838\">\n\n\t\t\t\t\t<div class=\"col-full\">\n\n\t\t\t\t\t\t<div class=\"title-cat\">\n\t\t\t\t\t\t\tGastronomie\t\t\t\t\t\t\t<div class=\"hr\"><\/div>\n\t\t\t\t\t\t<\/div>\n\n\t\t\t\t\t\t<div class=\"products-cat col2\">\n\n\t\t\t\t\t\t\t\t\t\t\t\t\t\t\t<a class=\"product\" href=\"https:\/\/aji-box.com\/--\/menu-creation-restaurant-lorchidee\/\" target=\"_blank\">\n\t\t\t\t\t\t\t\t\t<div class=\"image\" style=\"background-image:url(https:\/\/aji-box.com\/wp-content\/uploads\/2021\/06\/menu-evasion-restaurant-orchidee-4.jpg)\">\n\t\t\t\t\t\t\t\t\t<\/div>\n\n\n\t\t\t\t\t\t\t\t\t<div class=\"extra\">\n\n\t\t\t\t\t\t\t\t\t\t<div class=\"title\">\n\t\t\t\t\t\t\t\t\t\t\tMenu Cr\u00e9ation\t\t\t\t\t\t\t\t\t\t<\/div>\n\n\t\t\t\t\t\t\t\t\t\t\t\t\t\t\t\t\t\t\t\t\t<div class=\"price\">\n\t\t\t\t\t\t\t\t\t\t\t\t\u00c0 partir de <span class=\"woocommerce-Price-amount amount\"><bdi>125&nbsp;<span class=\"woocommerce-Price-currencySymbol\">&euro;<\/span><\/bdi><\/span>\t\t\t\t\t\t\t\t\t\t\t<\/div>\n\t\t\t\t\t\t\t\t\t\t\n\t\t\t\t\t\t\t\t\t\t<div class=\"desc\">\n\t\t\t\t\t\t\t\t\t\t\t\t\t\t\t\t\t\t\t\t\t\t<p>Menu comprenant par personne\nUne balade savoureuse en 6 passages selon l\u2019inspiration du Chef et les produits de saison.<\/p>\n\t\t\t\t\t\t\t\t\t\t<\/div>\n\n\t\t\t\t\t\t\t\t\t\t<div class=\"link link-a\">\n\t\t\t\t\t\t\t\t\t\t\tDiscover\t\t\t\t\t\t\t\t\t\t<\/div>\n\n\t\t\t\t\t\t\t\t\t<\/div>\n\n\n\t\t\t\t\t\t\t\t<\/a>\n\t\t\t\t\t\t\t\t\t\t\t\t\t\t\t<a class=\"product\" href=\"https:\/\/aji-box.com\/--\/menu-creation-vins-en-harmonie-restaurant-lorchidee\/\" target=\"_blank\">\n\t\t\t\t\t\t\t\t\t<div class=\"image\" style=\"background-image:url(https:\/\/aji-box.com\/wp-content\/uploads\/2021\/06\/menu-evasion-restaurant-orchidee-5.jpg)\">\n\t\t\t\t\t\t\t\t\t<\/div>\n\n\n\t\t\t\t\t\t\t\t\t<div class=\"extra\">\n\n\t\t\t\t\t\t\t\t\t\t<div class=\"title\">\n\t\t\t\t\t\t\t\t\t\t\tMenu Cr\u00e9ation <br\/>et ses vins en harmonie\t\t\t\t\t\t\t\t\t\t<\/div>\n\n\t\t\t\t\t\t\t\t\t\t\t\t\t\t\t\t\t\t\t\t\t<div class=\"price\">\n\t\t\t\t\t\t\t\t\t\t\t\t\u00c0 partir de <span class=\"woocommerce-Price-amount amount\"><bdi>200&nbsp;<span class=\"woocommerce-Price-currencySymbol\">&euro;<\/span><\/bdi><\/span>\t\t\t\t\t\t\t\t\t\t\t<\/div>\n\t\t\t\t\t\t\t\t\t\t\n\t\t\t\t\t\t\t\t\t\t<div class=\"desc\">\n\t\t\t\t\t\t\t\t\t\t\t\t\t\t\t\t\t\t\t\t\t\t<p>Menu comprenant par personne\nUne balade savoureuse en 6 passages selon l\u2019inspiration du Chef et les produits de saison.\nAvec le plaisir de d\u00e9couvrir nos v...\t\t\t\t\t\t\t\t\t\t<\/div>\n\n\t\t\t\t\t\t\t\t\t\t<div class=\"link link-a\">\n\t\t\t\t\t\t\t\t\t\t\tDiscover\t\t\t\t\t\t\t\t\t\t<\/div>\n\n\t\t\t\t\t\t\t\t\t<\/div>\n\n\n\t\t\t\t\t\t\t\t<\/a>\n\t\t\t\t\t\t\t\t\t\t\t\t\t\t\t<a class=\"product\" href=\"https:\/\/aji-box.com\/--\/menu-evasion-restaurant-orchidee\/\" target=\"_blank\">\n\t\t\t\t\t\t\t\t\t<div class=\"image\" style=\"background-image:url(https:\/\/aji-box.com\/wp-content\/uploads\/2021\/06\/menu-evasion-restaurant-orchidee-2.jpg)\">\n\t\t\t\t\t\t\t\t\t<\/div>\n\n\n\t\t\t\t\t\t\t\t\t<div class=\"extra\">\n\n\t\t\t\t\t\t\t\t\t\t<div class=\"title\">\n\t\t\t\t\t\t\t\t\t\t\tMenu Evasion\t\t\t\t\t\t\t\t\t\t<\/div>\n\n\t\t\t\t\t\t\t\t\t\t\t\t\t\t\t\t\t\t\t\t\t<div class=\"price\">\n\t\t\t\t\t\t\t\t\t\t\t\t\u00c0 partir de <span class=\"woocommerce-Price-amount amount\"><bdi>100&nbsp;<span class=\"woocommerce-Price-currencySymbol\">&euro;<\/span><\/bdi><\/span>\t\t\t\t\t\t\t\t\t\t\t<\/div>\n\t\t\t\t\t\t\t\t\t\t\n\t\t\t\t\t\t\t\t\t\t<div class=\"desc\">\n\t\t\t\t\t\t\t\t\t\t\t\t\t\t\t\t\t\t\t\t\t\t<p>Menu comprenant par personne\nUne balade savoureuse en 4 passages selon l\u2019inspiration du Chef et les produits de saison.<\/p>\n\t\t\t\t\t\t\t\t\t\t<\/div>\n\n\t\t\t\t\t\t\t\t\t\t<div class=\"link link-a\">\n\t\t\t\t\t\t\t\t\t\t\tDiscover\t\t\t\t\t\t\t\t\t\t<\/div>\n\n\t\t\t\t\t\t\t\t\t<\/div>\n\n\n\t\t\t\t\t\t\t\t<\/a>\n\t\t\t\t\t\t\t\t\t\t\t\t\t\t\t<a class=\"product\" href=\"https:\/\/aji-box.com\/--\/menu-evasion-vins-en-harmonie\/\" target=\"_blank\">\n\t\t\t\t\t\t\t\t\t<div class=\"image\" style=\"background-image:url(https:\/\/aji-box.com\/wp-content\/uploads\/2021\/06\/menu-evasion-restaurant-orchidee-3.jpg)\">\n\t\t\t\t\t\t\t\t\t<\/div>\n\n\n\t\t\t\t\t\t\t\t\t<div class=\"extra\">\n\n\t\t\t\t\t\t\t\t\t\t<div class=\"title\">\n\t\t\t\t\t\t\t\t\t\t\tMenu Evasion <br\/>et ses vins en harmonie\t\t\t\t\t\t\t\t\t\t<\/div>\n\n\t\t\t\t\t\t\t\t\t\t\t\t\t\t\t\t\t\t\t\t\t<div class=\"price\">\n\t\t\t\t\t\t\t\t\t\t\t\t\u00c0 partir de <span class=\"woocommerce-Price-amount amount\"><bdi>145&nbsp;<span class=\"woocommerce-Price-currencySymbol\">&euro;<\/span><\/bdi><\/span>\t\t\t\t\t\t\t\t\t\t\t<\/div>\n\t\t\t\t\t\t\t\t\t\t\n\t\t\t\t\t\t\t\t\t\t<div class=\"desc\">\n\t\t\t\t\t\t\t\t\t\t\t\t\t\t\t\t\t\t\t\t\t\t<p>Menu comprenant par personne\nUne balade savoureuse en 4 passages selon l\u2019inspiration du Chef et les produits de saison.\nAvec le plaisir de d\u00e9couvrir nos v...\t\t\t\t\t\t\t\t\t\t<\/div>\n\n\t\t\t\t\t\t\t\t\t\t<div class=\"link link-a\">\n\t\t\t\t\t\t\t\t\t\t\tDiscover\t\t\t\t\t\t\t\t\t\t<\/div>\n\n\t\t\t\t\t\t\t\t\t<\/div>\n\n\n\t\t\t\t\t\t\t\t<\/a>\n\t\t\t\t\t\t\t\n\t\t\t\t\t\t<\/div>\n\n\t\t\t\t\t<\/div>\n\n\t\t\t\t<\/div>\n\n\n\n\t\t\t\n\t\t\t\t<div class=\"section-cat\" id=\"837\">\n\n\t\t\t\t\t<div class=\"col-full\">\n\n\t\t\t\t\t\t<div class=\"title-cat\">\n\t\t\t\t\t\t\tCh\u00e8ques Cadeaux\t\t\t\t\t\t\t<div class=\"hr\"><\/div>\n\t\t\t\t\t\t<\/div>\n\n\t\t\t\t\t\t<div class=\"products-cat col3\">\n\n\t\t\t\t\t\t\t\t\t\t\t\t\t\t\t<a class=\"product\" href=\"https:\/\/aji-box.com\/--\/cheque-cadeau-100e-hotel-restaurant-lorchidee\/\" target=\"_blank\">\n\t\t\t\t\t\t\t\t\t<div class=\"image\" style=\"background-image:url(https:\/\/aji-box.com\/wp-content\/uploads\/2025\/03\/logo_orchidee_hotel_restaurant_carre.png)\">\n\t\t\t\t\t\t\t\t\t<\/div>\n\n\n\t\t\t\t\t\t\t\t\t<div class=\"extra\">\n\n\t\t\t\t\t\t\t\t\t\t<div class=\"title\">\n\t\t\t\t\t\t\t\t\t\t\tCh\u00e8que Cadeau 100\u20ac\t\t\t\t\t\t\t\t\t\t<\/div>\n\n\t\t\t\t\t\t\t\t\t\t\t\t\t\t\t\t\t\t\t\t\t<div class=\"price\">\n\t\t\t\t\t\t\t\t\t\t\t\t<span class=\"woocommerce-Price-amount amount\"><bdi>100&nbsp;<span class=\"woocommerce-Price-currencySymbol\">&euro;<\/span><\/bdi><\/span>\t\t\t\t\t\t\t\t\t\t\t<\/div>\n\t\t\t\t\t\t\t\t\t\t\n\t\t\t\t\t\t\t\t\t\t<div class=\"desc\">\n\t\t\t\t\t\t\t\t\t\t\t\t\t\t\t\t\t\t\t\t\t\t<p>Ce bon cadeau est uniquement valable du mardi au jeudi (pas le vendredi ou samedi)<\/p>\n\t\t\t\t\t\t\t\t\t\t<\/div>\n\n\t\t\t\t\t\t\t\t\t\t<div class=\"link link-a\">\n\t\t\t\t\t\t\t\t\t\t\tDiscover\t\t\t\t\t\t\t\t\t\t<\/div>\n\n\t\t\t\t\t\t\t\t\t<\/div>\n\n\n\t\t\t\t\t\t\t\t<\/a>\n\t\t\t\t\t\t\t\t\t\t\t\t\t\t\t<a class=\"product\" href=\"https:\/\/aji-box.com\/--\/cheque-cadeau-150e-hotel-restaurant-lorchidee\/\" target=\"_blank\">\n\t\t\t\t\t\t\t\t\t<div class=\"image\" style=\"background-image:url(https:\/\/aji-box.com\/wp-content\/uploads\/2025\/03\/logo_orchidee_hotel_restaurant_carre.png)\">\n\t\t\t\t\t\t\t\t\t<\/div>\n\n\n\t\t\t\t\t\t\t\t\t<div class=\"extra\">\n\n\t\t\t\t\t\t\t\t\t\t<div class=\"title\">\n\t\t\t\t\t\t\t\t\t\t\tCh\u00e8que Cadeau 150\u20ac\t\t\t\t\t\t\t\t\t\t<\/div>\n\n\t\t\t\t\t\t\t\t\t\t\t\t\t\t\t\t\t\t\t\t\t<div class=\"price\">\n\t\t\t\t\t\t\t\t\t\t\t\t<span class=\"woocommerce-Price-amount amount\"><bdi>150&nbsp;<span class=\"woocommerce-Price-currencySymbol\">&euro;<\/span><\/bdi><\/span>\t\t\t\t\t\t\t\t\t\t\t<\/div>\n\t\t\t\t\t\t\t\t\t\t\n\t\t\t\t\t\t\t\t\t\t<div class=\"desc\">\n\t\t\t\t\t\t\t\t\t\t\t\t\t\t\t\t\t\t\t\t\t\t<p>Ce bon cadeau est uniquement valable du mardi au jeudi (pas le vendredi ou samedi)<\/p>\n\t\t\t\t\t\t\t\t\t\t<\/div>\n\n\t\t\t\t\t\t\t\t\t\t<div class=\"link link-a\">\n\t\t\t\t\t\t\t\t\t\t\tDiscover\t\t\t\t\t\t\t\t\t\t<\/div>\n\n\t\t\t\t\t\t\t\t\t<\/div>\n\n\n\t\t\t\t\t\t\t\t<\/a>\n\t\t\t\t\t\t\t\t\t\t\t\t\t\t\t<a class=\"product\" href=\"https:\/\/aji-box.com\/--\/cheque-cadeau-200e-hotel-restaurant-lorchidee\/\" target=\"_blank\">\n\t\t\t\t\t\t\t\t\t<div class=\"image\" style=\"background-image:url(https:\/\/aji-box.com\/wp-content\/uploads\/2025\/03\/logo_orchidee_hotel_restaurant_carre.png)\">\n\t\t\t\t\t\t\t\t\t<\/div>\n\n\n\t\t\t\t\t\t\t\t\t<div class=\"extra\">\n\n\t\t\t\t\t\t\t\t\t\t<div class=\"title\">\n\t\t\t\t\t\t\t\t\t\t\tCh\u00e8que Cadeau 200\u20ac\t\t\t\t\t\t\t\t\t\t<\/div>\n\n\t\t\t\t\t\t\t\t\t\t\t\t\t\t\t\t\t\t\t\t\t<div class=\"price\">\n\t\t\t\t\t\t\t\t\t\t\t\t<span class=\"woocommerce-Price-amount amount\"><bdi>200&nbsp;<span class=\"woocommerce-Price-currencySymbol\">&euro;<\/span><\/bdi><\/span>\t\t\t\t\t\t\t\t\t\t\t<\/div>\n\t\t\t\t\t\t\t\t\t\t\n\t\t\t\t\t\t\t\t\t\t<div class=\"desc\">\n\t\t\t\t\t\t\t\t\t\t\t\t\t\t\t\t\t\t\t\t\t\t<p>Ce bon cadeau est uniquement valable du mardi au jeudi (pas le vendredi ou samedi)<\/p>\n\t\t\t\t\t\t\t\t\t\t<\/div>\n\n\t\t\t\t\t\t\t\t\t\t<div class=\"link link-a\">\n\t\t\t\t\t\t\t\t\t\t\tDiscover\t\t\t\t\t\t\t\t\t\t<\/div>\n\n\t\t\t\t\t\t\t\t\t<\/div>\n\n\n\t\t\t\t\t\t\t\t<\/a>\n\t\t\t\t\t\t\t\t\t\t\t\t\t\t\t<a class=\"product\" href=\"https:\/\/aji-box.com\/--\/cheque-cadeau-300e-hotel-restaurant-lorchidee\/\" target=\"_blank\">\n\t\t\t\t\t\t\t\t\t<div class=\"image\" style=\"background-image:url(https:\/\/aji-box.com\/wp-content\/uploads\/2025\/03\/logo_orchidee_hotel_restaurant_carre.png)\">\n\t\t\t\t\t\t\t\t\t<\/div>\n\n\n\t\t\t\t\t\t\t\t\t<div class=\"extra\">\n\n\t\t\t\t\t\t\t\t\t\t<div class=\"title\">\n\t\t\t\t\t\t\t\t\t\t\tCh\u00e8que Cadeau 300\u20ac\t\t\t\t\t\t\t\t\t\t<\/div>\n\n\t\t\t\t\t\t\t\t\t\t\t\t\t\t\t\t\t\t\t\t\t<div class=\"price\">\n\t\t\t\t\t\t\t\t\t\t\t\t<span class=\"woocommerce-Price-amount amount\"><bdi>300&nbsp;<span class=\"woocommerce-Price-currencySymbol\">&euro;<\/span><\/bdi><\/span>\t\t\t\t\t\t\t\t\t\t\t<\/div>\n\t\t\t\t\t\t\t\t\t\t\n\t\t\t\t\t\t\t\t\t\t<div class=\"desc\">\n\t\t\t\t\t\t\t\t\t\t\t\t\t\t\t\t\t\t\t\t\t\t<p>Ce bon cadeau est uniquement valable du mardi au jeudi (pas le vendredi ou samedi)<\/p>\n\t\t\t\t\t\t\t\t\t\t<\/div>\n\n\t\t\t\t\t\t\t\t\t\t<div class=\"link link-a\">\n\t\t\t\t\t\t\t\t\t\t\tDiscover\t\t\t\t\t\t\t\t\t\t<\/div>\n\n\t\t\t\t\t\t\t\t\t<\/div>\n\n\n\t\t\t\t\t\t\t\t<\/a>\n\t\t\t\t\t\t\t\t\t\t\t\t\t\t\t<a class=\"product\" href=\"https:\/\/aji-box.com\/--\/cheque-cadeau-valeur-au-choix-restaurant-lorchidee\/\" target=\"_blank\">\n\t\t\t\t\t\t\t\t\t<div class=\"image\" style=\"background-image:url(https:\/\/aji-box.com\/wp-content\/uploads\/2025\/03\/logo_orchidee_hotel_restaurant_carre.png)\">\n\t\t\t\t\t\t\t\t\t<\/div>\n\n\n\t\t\t\t\t\t\t\t\t<div class=\"extra\">\n\n\t\t\t\t\t\t\t\t\t\t<div class=\"title\">\n\t\t\t\t\t\t\t\t\t\t\tCh\u00e8que Cadeau <br\/> Valeur au choix\t\t\t\t\t\t\t\t\t\t<\/div>\n\n\t\t\t\t\t\t\t\t\t\t\t\t\t\t\t\t\t\t\t\t\t<div class=\"price\">\n\t\t\t\t\t\t\t\t\t\t\t\t\u00c0 partir de <span class=\"woocommerce-Price-amount amount\"><bdi>80&nbsp;<span class=\"woocommerce-Price-currencySymbol\">&euro;<\/span><\/bdi><\/span>\t\t\t\t\t\t\t\t\t\t\t<\/div>\n\t\t\t\t\t\t\t\t\t\t\n\t\t\t\t\t\t\t\t\t\t<div class=\"desc\">\n\t\t\t\t\t\t\t\t\t\t\t\t\t\t\t\t\t\t\t\t\t\t<p>Ce bon cadeau est uniquement valable du mardi au jeudi (pas le vendredi ou samedi)<\/p>\n\t\t\t\t\t\t\t\t\t\t<\/div>\n\n\t\t\t\t\t\t\t\t\t\t<div class=\"link link-a\">\n\t\t\t\t\t\t\t\t\t\t\tDiscover\t\t\t\t\t\t\t\t\t\t<\/div>\n\n\t\t\t\t\t\t\t\t\t<\/div>\n\n\n\t\t\t\t\t\t\t\t<\/a>\n\t\t\t\t\t\t\t\n\t\t\t\t\t\t<\/div>\n\n\t\t\t\t\t<\/div>\n\n\t\t\t\t<\/div>\n\n\n\n\t\t\t\n\n\t\t\t\n\n\n\t\t<\/div>\n\n\t\t\t\t<\/div>\n\t\t\t\t<\/div>\n\t\t\t\t\t<\/div>\n\t\t<\/div>\n\t\t\t\t\t<\/div>\n\t\t<\/section>\n\t\t\t\t<\/div>\n\t\t","protected":false},"excerpt":{"rendered":"<p>Gastronomie Menu Cr\u00e9ation \u00c0 partir de 125&nbsp;&euro; Menu comprenant par personne Une balade savoureuse en 6 passages selon l\u2019inspiration du Chef et les produits de saison. Ce bon cadeau est uniquemen&#8230; D\u00e9couvrir Menu Cr\u00e9ation et ses vins en harmonie \u00c0 partir de 185&nbsp;&euro; Menu comprenant par personne Une balade savoureuse en 6 passages selon l\u2019inspiration [&hellip;]<\/p>\n","protected":false},"author":2,"featured_media":0,"parent":0,"menu_order":0,"comment_status":"closed","ping_status":"closed","template":"","meta":{"_acf_changed":false,"footnotes":""},"class_list":["post-708","page","type-page","status-publish","hentry"],"acf":[],"yoast_head":"<!-- This site is optimized with the Yoast SEO plugin v27.6 - https:\/\/yoast.com\/product\/yoast-seo-wordpress\/ -->\n<title>Official gift vouchers - The Orchid<\/title>\n<meta name=\"robots\" content=\"index, follow, max-snippet:-1, max-image-preview:large, max-video-preview:-1\" \/>\n<link rel=\"canonical\" href=\"https:\/\/www.hotelrestaurant-lorchidee.fr\/en\/official-gift-vouchers\/\" \/>\n<meta property=\"og:locale\" content=\"en_US\" \/>\n<meta property=\"og:type\" content=\"article\" \/>\n<meta property=\"og:title\" content=\"Official gift vouchers - The Orchid\" \/>\n<meta property=\"og:description\" content=\"Gastronomie Menu Cr\u00e9ation \u00c0 partir de 125&nbsp;&euro; Menu comprenant par personne Une balade savoureuse en 6 passages selon l\u2019inspiration du Chef et les produits de saison. Ce bon cadeau est uniquemen&#8230; D\u00e9couvrir Menu Cr\u00e9ation et ses vins en harmonie \u00c0 partir de 185&nbsp;&euro; Menu comprenant par personne Une balade savoureuse en 6 passages selon l\u2019inspiration [&hellip;]\" \/>\n<meta property=\"og:url\" content=\"https:\/\/www.hotelrestaurant-lorchidee.fr\/en\/official-gift-vouchers\/\" \/>\n<meta property=\"og:site_name\" content=\"The Orchid\" \/>\n<meta property=\"article:modified_time\" content=\"2025-09-12T12:47:43+00:00\" \/>\n<meta name=\"twitter:card\" content=\"summary_large_image\" \/>\n<meta name=\"twitter:label1\" content=\"Est. reading time\" \/>\n\t<meta name=\"twitter:data1\" content=\"2 minutes\" \/>\n<script type=\"application\/ld+json\" class=\"yoast-schema-graph\">{\"@context\":\"https:\\\/\\\/schema.org\",\"@graph\":[{\"@type\":\"WebPage\",\"@id\":\"https:\\\/\\\/www.hotelrestaurant-lorchidee.fr\\\/en\\\/official-gift-vouchers\\\/\",\"url\":\"https:\\\/\\\/www.hotelrestaurant-lorchidee.fr\\\/en\\\/official-gift-vouchers\\\/\",\"name\":\"Official gift vouchers - The Orchid\",\"isPartOf\":{\"@id\":\"https:\\\/\\\/www.hotelrestaurant-lorchidee.fr\\\/#website\"},\"datePublished\":\"2025-03-25T09:46:34+00:00\",\"dateModified\":\"2025-09-12T12:47:43+00:00\",\"breadcrumb\":{\"@id\":\"https:\\\/\\\/www.hotelrestaurant-lorchidee.fr\\\/en\\\/official-gift-vouchers\\\/#breadcrumb\"},\"inLanguage\":\"en-US\",\"potentialAction\":[{\"@type\":\"ReadAction\",\"target\":[\"https:\\\/\\\/www.hotelrestaurant-lorchidee.fr\\\/en\\\/official-gift-vouchers\\\/\"]}]},{\"@type\":\"BreadcrumbList\",\"@id\":\"https:\\\/\\\/www.hotelrestaurant-lorchidee.fr\\\/en\\\/official-gift-vouchers\\\/#breadcrumb\",\"itemListElement\":[{\"@type\":\"ListItem\",\"position\":1,\"name\":\"Home\",\"item\":\"https:\\\/\\\/www.hotelrestaurant-lorchidee.fr\\\/en\\\/\"},{\"@type\":\"ListItem\",\"position\":2,\"name\":\"Official gift vouchers\"}]},{\"@type\":\"WebSite\",\"@id\":\"https:\\\/\\\/www.hotelrestaurant-lorchidee.fr\\\/#website\",\"url\":\"https:\\\/\\\/www.hotelrestaurant-lorchidee.fr\\\/\",\"name\":\"The Orchid\",\"description\":\"Hotel **** and Michelin-starred restaurant - Ensisheim\",\"publisher\":{\"@id\":\"https:\\\/\\\/www.hotelrestaurant-lorchidee.fr\\\/#organization\"},\"potentialAction\":[{\"@type\":\"SearchAction\",\"target\":{\"@type\":\"EntryPoint\",\"urlTemplate\":\"https:\\\/\\\/www.hotelrestaurant-lorchidee.fr\\\/?s={search_term_string}\"},\"query-input\":{\"@type\":\"PropertyValueSpecification\",\"valueRequired\":true,\"valueName\":\"search_term_string\"}}],\"inLanguage\":\"en-US\"},{\"@type\":\"Organization\",\"@id\":\"https:\\\/\\\/www.hotelrestaurant-lorchidee.fr\\\/#organization\",\"name\":\"The Orchid\",\"url\":\"https:\\\/\\\/www.hotelrestaurant-lorchidee.fr\\\/\",\"logo\":{\"@type\":\"ImageObject\",\"inLanguage\":\"en-US\",\"@id\":\"https:\\\/\\\/www.hotelrestaurant-lorchidee.fr\\\/#\\\/schema\\\/logo\\\/image\\\/\",\"url\":\"https:\\\/\\\/www.hotelrestaurant-lorchidee.fr\\\/wp-content\\\/uploads\\\/2025\\\/03\\\/logo_orchidee_hotel_restaurant.png\",\"contentUrl\":\"https:\\\/\\\/www.hotelrestaurant-lorchidee.fr\\\/wp-content\\\/uploads\\\/2025\\\/03\\\/logo_orchidee_hotel_restaurant.png\",\"width\":1500,\"height\":1044,\"caption\":\"The Orchid\"},\"image\":{\"@id\":\"https:\\\/\\\/www.hotelrestaurant-lorchidee.fr\\\/#\\\/schema\\\/logo\\\/image\\\/\"}}]}<\/script>\n<!-- \/ Yoast SEO plugin. -->","yoast_head_json":{"title":"Official gift vouchers - The Orchid","robots":{"index":"index","follow":"follow","max-snippet":"max-snippet:-1","max-image-preview":"max-image-preview:large","max-video-preview":"max-video-preview:-1"},"canonical":"https:\/\/www.hotelrestaurant-lorchidee.fr\/en\/official-gift-vouchers\/","og_locale":"en_US","og_type":"article","og_title":"Official gift vouchers - The Orchid","og_description":"Gastronomie Menu Cr\u00e9ation \u00c0 partir de 125&nbsp;&euro; Menu comprenant par personne Une balade savoureuse en 6 passages selon l\u2019inspiration du Chef et les produits de saison. Ce bon cadeau est uniquemen&#8230; D\u00e9couvrir Menu Cr\u00e9ation et ses vins en harmonie \u00c0 partir de 185&nbsp;&euro; Menu comprenant par personne Une balade savoureuse en 6 passages selon l\u2019inspiration [&hellip;]","og_url":"https:\/\/www.hotelrestaurant-lorchidee.fr\/en\/official-gift-vouchers\/","og_site_name":"The Orchid","article_modified_time":"2025-09-12T12:47:43+00:00","twitter_card":"summary_large_image","twitter_misc":{"Est. reading time":"2 minutes"},"schema":{"@context":"https:\/\/schema.org","@graph":[{"@type":"WebPage","@id":"https:\/\/www.hotelrestaurant-lorchidee.fr\/en\/official-gift-vouchers\/","url":"https:\/\/www.hotelrestaurant-lorchidee.fr\/en\/official-gift-vouchers\/","name":"Official gift vouchers - The Orchid","isPartOf":{"@id":"https:\/\/www.hotelrestaurant-lorchidee.fr\/#website"},"datePublished":"2025-03-25T09:46:34+00:00","dateModified":"2025-09-12T12:47:43+00:00","breadcrumb":{"@id":"https:\/\/www.hotelrestaurant-lorchidee.fr\/en\/official-gift-vouchers\/#breadcrumb"},"inLanguage":"en-US","potentialAction":[{"@type":"ReadAction","target":["https:\/\/www.hotelrestaurant-lorchidee.fr\/en\/official-gift-vouchers\/"]}]},{"@type":"BreadcrumbList","@id":"https:\/\/www.hotelrestaurant-lorchidee.fr\/en\/official-gift-vouchers\/#breadcrumb","itemListElement":[{"@type":"ListItem","position":1,"name":"Home","item":"https:\/\/www.hotelrestaurant-lorchidee.fr\/en\/"},{"@type":"ListItem","position":2,"name":"Official gift vouchers"}]},{"@type":"WebSite","@id":"https:\/\/www.hotelrestaurant-lorchidee.fr\/#website","url":"https:\/\/www.hotelrestaurant-lorchidee.fr\/","name":"The Orchid","description":"Hotel **** and Michelin-starred restaurant - Ensisheim","publisher":{"@id":"https:\/\/www.hotelrestaurant-lorchidee.fr\/#organization"},"potentialAction":[{"@type":"SearchAction","target":{"@type":"EntryPoint","urlTemplate":"https:\/\/www.hotelrestaurant-lorchidee.fr\/?s={search_term_string}"},"query-input":{"@type":"PropertyValueSpecification","valueRequired":true,"valueName":"search_term_string"}}],"inLanguage":"en-US"},{"@type":"Organization","@id":"https:\/\/www.hotelrestaurant-lorchidee.fr\/#organization","name":"The Orchid","url":"https:\/\/www.hotelrestaurant-lorchidee.fr\/","logo":{"@type":"ImageObject","inLanguage":"en-US","@id":"https:\/\/www.hotelrestaurant-lorchidee.fr\/#\/schema\/logo\/image\/","url":"https:\/\/www.hotelrestaurant-lorchidee.fr\/wp-content\/uploads\/2025\/03\/logo_orchidee_hotel_restaurant.png","contentUrl":"https:\/\/www.hotelrestaurant-lorchidee.fr\/wp-content\/uploads\/2025\/03\/logo_orchidee_hotel_restaurant.png","width":1500,"height":1044,"caption":"The Orchid"},"image":{"@id":"https:\/\/www.hotelrestaurant-lorchidee.fr\/#\/schema\/logo\/image\/"}}]}},"_links":{"self":[{"href":"https:\/\/www.hotelrestaurant-lorchidee.fr\/en\/wp-json\/wp\/v2\/pages\/708","targetHints":{"allow":["GET"]}}],"collection":[{"href":"https:\/\/www.hotelrestaurant-lorchidee.fr\/en\/wp-json\/wp\/v2\/pages"}],"about":[{"href":"https:\/\/www.hotelrestaurant-lorchidee.fr\/en\/wp-json\/wp\/v2\/types\/page"}],"author":[{"embeddable":true,"href":"https:\/\/www.hotelrestaurant-lorchidee.fr\/en\/wp-json\/wp\/v2\/users\/2"}],"replies":[{"embeddable":true,"href":"https:\/\/www.hotelrestaurant-lorchidee.fr\/en\/wp-json\/wp\/v2\/comments?post=708"}],"version-history":[{"count":2,"href":"https:\/\/www.hotelrestaurant-lorchidee.fr\/en\/wp-json\/wp\/v2\/pages\/708\/revisions"}],"predecessor-version":[{"id":947,"href":"https:\/\/www.hotelrestaurant-lorchidee.fr\/en\/wp-json\/wp\/v2\/pages\/708\/revisions\/947"}],"wp:attachment":[{"href":"https:\/\/www.hotelrestaurant-lorchidee.fr\/en\/wp-json\/wp\/v2\/media?parent=708"}],"curies":[{"name":"wp","href":"https:\/\/api.w.org\/{rel}","templated":true}]}}